{"id":268440,"date":"2021-04-20T16:42:43","date_gmt":"2021-04-20T14:42:43","guid":{"rendered":"https:\/\/guedan.com\/politica-de-privacidad-copy\/"},"modified":"2021-04-20T16:44:46","modified_gmt":"2021-04-20T14:44:46","slug":"politica-de-privacidad-curriculums","status":"publish","type":"page","link":"https:\/\/guedan.com\/eu\/politica-de-privacidad-curriculums\/","title":{"rendered":"Pol\u00edtica de privacidad  Curriculums"},"content":{"rendered":"<p>[et_pb_section fb_built=\u00bb1&#8243; _builder_version=\u00bb4.7.1&#8243; _module_preset=\u00bbdefault\u00bb use_background_color_gradient=\u00bbon\u00bb background_color_gradient_start=\u00bb#03819e\u00bb background_color_gradient_end=\u00bb#55ede0&#8243; background_color_gradient_overlays_image=\u00bbon\u00bb background_image=\u00bbhttps:\/\/guedan.com\/wp-content\/uploads\/2020\/09\/gym_35.jpg\u00bb background_blend=\u00bbmultiply\u00bb custom_padding=\u00bb||425px|||\u00bb bottom_divider_style=\u00bbslant\u00bb bottom_divider_color=\u00bb#ffffff\u00bb bottom_divider_height=\u00bb140px\u00bb][et_pb_row use_custom_gutter=\u00bbon\u00bb gutter_width=\u00bb1&#8243; make_equal=\u00bbon\u00bb _builder_version=\u00bb4.7.1&#8243; _module_preset=\u00bbdefault\u00bb custom_margin=\u00bb164px||-110px||false|false\u00bb custom_padding=\u00bb0px||0px||false|false\u00bb][et_pb_column type=\u00bb4_4&#8243; _builder_version=\u00bb4.7.1&#8243; _module_preset=\u00bbdefault\u00bb][et_pb_text _builder_version=\u00bb4.7.1&#8243; _module_preset=\u00bbdefault\u00bb text_font=\u00bbOswald|700|on|on|||||\u00bb text_text_color=\u00bb#ffffff\u00bb text_font_size=\u00bb4vh\u00bb text_line_height_tablet=\u00bb\u00bb text_line_height_phone=\u00bb1.1em\u00bb text_line_height_last_edited=\u00bbon|phone\u00bb custom_css_main_element=\u00bbalign-items: center;\u00bb]<\/p>\n<p style=\"text-align: center;\">PRIBATASUN-POLITIKA<\/p>\n<p>[\/et_pb_text][\/et_pb_column][\/et_pb_row][\/et_pb_section][et_pb_section fb_built=\u00bb1&#8243; _builder_version=\u00bb3.22&#8243;][et_pb_row _builder_version=\u00bb3.25&#8243; background_size=\u00bbinitial\u00bb background_position=\u00bbtop_left\u00bb background_repeat=\u00bbrepeat\u00bb][et_pb_column type=\u00bb4_4&#8243; _builder_version=\u00bb3.25&#8243; custom_padding=\u00bb|||\u00bb custom_padding__hover=\u00bb|||\u00bb][et_pb_text _builder_version=\u00bb4.9.3&#8243; background_size=\u00bbinitial\u00bb background_position=\u00bbtop_left\u00bb background_repeat=\u00bbrepeat\u00bb hover_enabled=\u00bb0&#8243; sticky_enabled=\u00bb0&#8243;]<\/p>\n<div id=\"clickdatos\">\n<p><strong>CONSENTIMIENTO EXPRESO AL TRATAMIENTO DE DATOS<\/strong><\/p>\n<p>Usted MANIFIESTA:<\/p>\n<p>Que est\u00e1 debidamente informado de que puede retirar su consentimiento en cualquier momento y sin formalidades. Tambi\u00e9n queda informado de que el responsable de los tratamientos realizados es GUEDAN, SERVICIOS DEPORTIVOS, S.A., CIF: A48224224, Direcci\u00f3n postal: Calle Andr\u00e9s Isasi N\u00ba11 Bajo Dcha Bilbao (Vizcaya), Tel\u00e9fono: +34 944398010.<\/p>\n<p>As\u00ed mismo est\u00e1 debidamente informado de que tiene derecho a solicitar al responsable del tratamiento el acceso a sus datos, su rectificaci\u00f3n o supresi\u00f3n, la limitaci\u00f3n de su tratamiento, oponerse al mismo o a ejercer el derecho de portabilidad de los datos, as\u00ed como el derecho de presentar una reclamaci\u00f3n ante una autoridad de control, como la Agencia Espa\u00f1ola de Protecci\u00f3n de Datos.<\/p>\n<p><strong>INFORMACI\u00d3N SOBRE PROTECCI\u00d3N DE DATOS<\/strong><\/p>\n<ol>\n<li>\u00bfQUI\u00c9N ES EL RESPONSABLE DEL TRATAMIENTO DE SUS DATOS PERSONALES?<\/li>\n<\/ol>\n<p>GUEDAN, SERVICIOS DEPORTIVOS, S.A., CIF: A48224224 y domicilio social en la C\/ Andr\u00e9s Isasi N\u00ba11 Bajo Dcha Bilbao (Vizcaya).<\/p>\n<p>Puedes contactar con su responsable de protecci\u00f3n de datos en\u00a0<a href=\"mailto:protecciondatos@guedan.com\">protecciondatos@guedan.com<\/a><\/p>\n<ol start=\"2\">\n<li>\u00bfCON QU\u00c9 FINALIDAD TRATAMOS TUS DATOS PERSONALES?<\/li>\n<\/ol>\n<p>En GUEDAN tratamos la informaci\u00f3n que nos facilitas con el fin de ofrecerle los servicios solicitados con la calidad y la atenci\u00f3n que se nos requiere.<\/p>\n<p>La finalidad principal del tratamiento de tus datos personales no est\u00e1 supeditada al consentimiento informado que nos has dado al utilizar nuestra web para almacenar cookies y que puedes consultar en nuestra pol\u00edtica de cookies en www.guedan.com<\/p>\n<ol start=\"3\">\n<li>\u00bfCU\u00c1NTO TIEMPO CONSERVAMOS TUS DATOS PERSONALES<\/li>\n<\/ol>\n<p>Conservaremos tus datos mientras se mantenga la relaci\u00f3n laboral, hasta que te opongas al tratamiento o como m\u00e1ximo durante un plazo de 5 a\u00f1os a partir de la \u00faltima confirmaci\u00f3n de inter\u00e9s.<\/p>\n<ol start=\"4\">\n<li>\u00bfQU\u00c9 BASE LEGAL TENEMOS PARA TRATAR TUS DATOS PERSONALES?<\/li>\n<\/ol>\n<p>La recogida y tratamiento de tus datos personales se basa en la relaci\u00f3n contractual o de contacto con GUEDAN.<\/p>\n<p>El tratamiento de la informaci\u00f3n que recogen nuestras cookies est\u00e1 basado en el consentimiento informado que nos das, de conformidad con la legislaci\u00f3n vigente.<\/p>\n<ol start=\"5\">\n<li>\u00bfA QUI\u00c9N VAMOS A COMUNICAR TUS DATOS PERSONALES?<\/li>\n<\/ol>\n<p>GUEDAN dispone de pol\u00edticas internas adecuadas para asegurar que cualquier encargo de tratamiento realizado por terceros se lleva a cabo con las m\u00e1ximas garant\u00edas y de acuerdo con la legalidad vigente. Pueden tener acceso a tus datos las UTEs que se puedan conformar, as\u00ed nuestras empresas mantenedores de Software y otros.<\/p>\n<ol start=\"6\">\n<li>\u00bfCU\u00c1LES SON TUS DERECHOS?<\/li>\n<\/ol>\n<p>En virtud del Reglamento General (EU) 2016\/679, de 27 de abril de 2016, de Protecci\u00f3n de Datos (RGPD), en relaci\u00f3n con el tratamiento de tus datos personales, se te reconocen los siguientes derechos:<\/p>\n<ul>\n<li>Derecho de Acceso: Tienes derecho a confirmar que estamos tratando tus datos personales y, si en caso afirmativo, a obtener una copia de dichos datos e informaci\u00f3n completa sobre el tratamiento.<\/li>\n<li>Derecho de rectificaci\u00f3n: Tienes derecho a corregir errores, modificar los datos inexactos o incompletos y garantizar la certeza de la informaci\u00f3n objeto de tratamiento.<\/li>\n<li>Derecho de supresi\u00f3n: Tienes derecho a solicitar la supresi\u00f3n de tus datos sin dilaci\u00f3n indebida, en caso de que el tratamiento sea il\u00edcito o la finalidad que motiv\u00f3 su tratamiento o recogida hubiera desaparecido.<\/li>\n<li>Derecho a la limitaci\u00f3n del tratamiento: Tienes derecho a solicitar la suspensi\u00f3n del tratamiento en caso de que \u00e9ste sea il\u00edcito o la exactitud de los datos haya sido impugnada.<\/li>\n<li>Derecho de oposici\u00f3n: Tienes derecho a oponerte al tratamiento de tus datos cuando tenga por objeto el marketing directo o cuando deba cesar el tratamiento por motivos relacionados con tu situaci\u00f3n personal, salvo que se acredite un inter\u00e9s leg\u00edtimo o sea necesario para el ejercicio o defensa de reclamaciones.<\/li>\n<\/ul>\n<p>Para ejercer estos derechos, por favor, env\u00eda un correo electr\u00f3nico a\u00a0<a href=\"mailto:protecciondatos@guedan.com\">protecciondatos@guedan.com<\/a>. En tu solicitud, deber\u00e1s indicar de forma clara tu identidad, con indicaci\u00f3n de, al menos, tu nombre completo y DNI y el derecho o derechos que ejercitas.<\/p>\n<p>Tambi\u00e9n puedes acudir a la Agencia Espa\u00f1ola de Protecci\u00f3n de Datos (www.agpd.es) para solicitar la tutela de tus derechos, si lo consideras oportuno.<\/p>\n<p>El ejercicio de estos derechos es gratuito, salvo que se formulen solicitudes manifiestamente infundadas o excesivas, en cuyo caso el interesado podr\u00e1 ser requerido a asumir el coste de la tramitaci\u00f3n de la solicitud.<\/p>\n<p>&nbsp;<\/p>\n<\/div>\n<p>[\/et_pb_text][\/et_pb_column][\/et_pb_row][\/et_pb_section]<\/p>","protected":false},"excerpt":{"rendered":"<p>POL\u00cdTICA DE PRIVACIDAD CONSENTIMIENTO EXPRESO AL TRATAMIENTO DE DATOS Usted MANIFIESTA: Que est\u00e1 debidamente informado de que puede retirar su consentimiento en cualquier momento y sin formalidades. Tambi\u00e9n queda informado de que el responsable de los tratamientos realizados es GUEDAN, SERVICIOS DEPORTIVOS, S.A., CIF: A48224224, Direcci\u00f3n postal: Calle Andr\u00e9s Isasi N\u00ba11 Bajo Dcha Bilbao (Vizcaya), [&hellip;]<\/p>","protected":false},"author":2,"featured_media":0,"parent":0,"menu_order":0,"comment_status":"closed","ping_status":"closed","template":"","meta":{"_et_pb_use_builder":"on","_et_pb_old_content":"<div id=\"clickdatos\"><p><strong>CONSENTIMIENTO EXPRESO AL TRATAMIENTO DE DATOS<\/strong><\/p><p>Usted MANIFIESTA:<\/p><p>Que CONSIENTE de forma expresa a que GUEDAN, SERVICIOS DEPORTIVOS, S.A. trate los datos contenidos en su CV y otros datos necesarios para realizar la contrataci\u00f3n o a los efectos de poder incorporarlo en sus procesos de selecci\u00f3n. Dicho tratamiento incluye la conservaci\u00f3n de los datos, la comunicaci\u00f3n a los departamentos apropiados de la empresa.<\/p><p>Que est\u00e1 debidamente informado de que puede retirar su consentimiento en cualquier momento y sin formalidades. Tambi\u00e9n queda informado de que el responsable de los tratamientos realizados es GUEDAN, SERVICIOS DEPORTIVOS, S.A., CIF: A48224224, Direcci\u00f3n postal: Calle Andr\u00e9s Isasi N\u00ba11 Bajo Dcha Bilbao (Vizcaya), Tel\u00e9fono: +34 944398010.<\/p><p>As\u00ed mismo est\u00e1 debidamente informado de que tiene derecho a solicitar al responsable del tratamiento el acceso a sus datos, su rectificaci\u00f3n o supresi\u00f3n, la limitaci\u00f3n de su tratamiento, oponerse al mismo o a ejercer el derecho de portabilidad de los datos, as\u00ed como el derecho de presentar una reclamaci\u00f3n ante una autoridad de control, como la Agencia Espa\u00f1ola de Protecci\u00f3n de Datos.<\/p><p><strong>INFORMACI\u00d3N SOBRE PROTECCI\u00d3N DE DATOS<\/strong><\/p><ol><li>\u00bfQUI\u00c9N ES EL RESPONSABLE DEL TRATAMIENTO DE SUS DATOS PERSONALES?<\/li><\/ol><p>GUEDAN, SERVICIOS DEPORTIVOS, S.A., CIF: A48224224 y domicilio social en la C\/ Andr\u00e9s Isasi N\u00ba11 Bajo Dcha Bilbao (Vizcaya).<\/p><p>Puedes contactar con su responsable de protecci\u00f3n de datos en <a href=\"mailto:protecciondatos@guedan.com\">protecciondatos@guedan.com<\/a><\/p><ol start=\"2\"><li>\u00bfCON QU\u00c9 FINALIDAD TRATAMOS TUS DATOS PERSONALES?<\/li><\/ol><p>La finalidad principal del tratamiento de tus datos personales no est\u00e1 supeditada al consentimiento informado que nos has dado al utilizar nuestra web para almacenar cookies y que puedes consultar en nuestra <a href=\"http:\/\/www.guedan.com\/politica_cookies.php\">Pol\u00edtica de Cookies<\/a>.<\/p><p>Los datos personales proporcionados se conservar\u00e1n mientras se mantenga la relaci\u00f3n laboral y durante un plazo de 5 a\u00f1os a partir de la \u00faltima confirmaci\u00f3n de inter\u00e9s.<\/p><ol start=\"3\"><li>\u00bfCU\u00c1NTO TIEMPO CONSERVAMOS TUS DATOS PERSONALES<\/li><\/ol><p>Conservaremos tus datos mientras se mantenga la relaci\u00f3n laboral, hasta que te opongas al tratamiento o como m\u00e1ximo durante un plazo de 5 a\u00f1os a partir de la \u00faltima confirmaci\u00f3n de inter\u00e9s.<\/p><ol start=\"4\"><li>\u00bfQU\u00c9 BASE LEGAL TENEMOS PARA TRATAR TUS DATOS PERSONALES?<\/li><\/ol><p>Los tratamientos se realizan en base al consentimiento de las personas interesadas y al desarrollo de relaciones jur\u00eddicas entre las partes (Art 6,1a,b RGPD).<\/p><ol start=\"5\"><li>\u00bfA QUI\u00c9N VAMOS A COMUNICAR TUS DATOS PERSONALES?<\/li><\/ol><p>GUEDAN dispone de pol\u00edticas internas adecuadas para asegurar que cualquier encargo de tratamiento realizado por terceros se lleva a cabo con las m\u00e1ximas garant\u00edas y de acuerdo con la legalidad vigente. Pueden tener acceso a tus datos nuestras empresas mantenedores de Software y otros mantenimientos, Asesores, Servicio Prevenci\u00f3n Ajeno.<\/p><ol start=\"6\"><li>\u00bfCU\u00c1LES SON TUS DERECHOS?<\/li><\/ol><p>En virtud del Reglamento General (EU) 2016\/679, de 27 de abril de 2016, de Protecci\u00f3n de Datos (RGPD), en relaci\u00f3n con el tratamiento de tus datos personales, se te reconocen los siguientes derechos:<\/p><ul><li>Derecho de Acceso: Tienes derecho a confirmar que estamos tratando tus datos personales y, si en caso afirmativo, a obtener una copia de dichos datos e informaci\u00f3n completa sobre el tratamiento.<\/li><li>Derecho de rectificaci\u00f3n: Tienes derecho a corregir errores, modificar los datos inexactos o incompletos y garantizar la certeza de la informaci\u00f3n objeto de tratamiento.<\/li><li>Derecho de supresi\u00f3n: Tienes derecho a solicitar la supresi\u00f3n de tus datos sin dilaci\u00f3n indebida, en caso que el tratamiento sea il\u00edcito o la finalidad que motiv\u00f3 su tratamiento o recogida hubiera desaparecido.<\/li><li>Derecho a la limitaci\u00f3n del tratamiento: Tienes derecho a solicitar la suspensi\u00f3n del tratamiento en caso de que \u00e9ste sea il\u00edcito o la exactitud de los datos haya sido impugnada.<\/li><li>Derecho de oposici\u00f3n: Tienes derecho a oponerte al tratamiento de tus datos cuando tenga por objeto el marketing directo o cuando deba cesar el tratamiento por motivos relacionados con tu situaci\u00f3n personal, salvo que se acredite un inter\u00e9s leg\u00edtimo o sea necesario para el ejercicio o defensa de reclamaciones.<\/li><\/ul><p>Para ejercer estos derechos, por favor, env\u00eda un correo electr\u00f3nico a <a href=\"mailto:protecciondatos@guedan.com\">protecciondatos@guedan.com<\/a>. En tu solicitud, deber\u00e1s indicar de forma clara tu identidad, con indicaci\u00f3n de, al menos, tu nombre completo y DNI y el derecho o derechos que ejercitas.<\/p><p>Tambi\u00e9n puedes acudir a la Agencia Espa\u00f1ola de Protecci\u00f3n de Datos (www.agpd.es) para solicitar la tutela de tus derechos, si lo consideras oportuno.<\/p><\/div><p>El ejercicio de estos derechos es gratuito, salvo que se formulen solicitudes manifiestamente infundadas o excesivas, en cuyo caso el interesado podr\u00e1 ser requerido a asumir el coste de la tramitaci\u00f3n de la solicitud.<\/p>","_et_gb_content_width":"","footnotes":""},"class_list":["post-268440","page","type-page","status-publish","hentry"],"yoast_head":"<!-- This site is optimized with the Yoast SEO plugin v26.0 - https:\/\/yoast.com\/wordpress\/plugins\/seo\/ -->\n<title>Pol\u00edtica de privacidad Curriculums | Guedan Servicios Deportivos<\/title>\n<meta name=\"robots\" content=\"index, follow, max-snippet:-1, max-image-preview:large, max-video-preview:-1\" \/>\n<link rel=\"canonical\" href=\"https:\/\/guedan.com\/eu\/politica-de-privacidad-curriculums\/\" \/>\n<meta property=\"og:locale\" content=\"en_US\" \/>\n<meta property=\"og:type\" content=\"article\" \/>\n<meta property=\"og:title\" content=\"Pol\u00edtica de privacidad Curriculums | Guedan Servicios Deportivos\" \/>\n<meta property=\"og:description\" content=\"POL\u00cdTICA DE PRIVACIDAD CONSENTIMIENTO EXPRESO AL TRATAMIENTO DE DATOS Usted MANIFIESTA: Que est\u00e1 debidamente informado de que puede retirar su consentimiento en cualquier momento y sin formalidades. Tambi\u00e9n queda informado de que el responsable de los tratamientos realizados es GUEDAN, SERVICIOS DEPORTIVOS, S.A., CIF: A48224224, Direcci\u00f3n postal: Calle Andr\u00e9s Isasi N\u00ba11 Bajo Dcha Bilbao (Vizcaya), [&hellip;]\" \/>\n<meta property=\"og:url\" content=\"https:\/\/guedan.com\/eu\/politica-de-privacidad-curriculums\/\" \/>\n<meta property=\"og:site_name\" content=\"Guedan Servicios Deportivos\" \/>\n<meta property=\"article:publisher\" content=\"https:\/\/www.facebook.com\/Guedan-Servicios-Deportivos-290820057632014\" \/>\n<meta property=\"article:modified_time\" content=\"2021-04-20T14:44:46+00:00\" \/>\n<meta name=\"twitter:card\" content=\"summary_large_image\" \/>\n<meta name=\"twitter:label1\" content=\"Est. reading time\" \/>\n\t<meta name=\"twitter:data1\" content=\"5 minutua\" \/>\n<script type=\"application\/ld+json\" class=\"yoast-schema-graph\">{\"@context\":\"https:\/\/schema.org\",\"@graph\":[{\"@type\":\"WebPage\",\"@id\":\"https:\/\/guedan.com\/politica-de-privacidad-curriculums\/\",\"url\":\"https:\/\/guedan.com\/politica-de-privacidad-curriculums\/\",\"name\":\"Pol\u00edtica de privacidad Curriculums | Guedan Servicios Deportivos\",\"isPartOf\":{\"@id\":\"https:\/\/guedan.com\/#website\"},\"datePublished\":\"2021-04-20T14:42:43+00:00\",\"dateModified\":\"2021-04-20T14:44:46+00:00\",\"breadcrumb\":{\"@id\":\"https:\/\/guedan.com\/politica-de-privacidad-curriculums\/#breadcrumb\"},\"inLanguage\":\"eu\",\"potentialAction\":[{\"@type\":\"ReadAction\",\"target\":[\"https:\/\/guedan.com\/politica-de-privacidad-curriculums\/\"]}]},{\"@type\":\"BreadcrumbList\",\"@id\":\"https:\/\/guedan.com\/politica-de-privacidad-curriculums\/#breadcrumb\",\"itemListElement\":[{\"@type\":\"ListItem\",\"position\":1,\"name\":\"Portada\",\"item\":\"https:\/\/guedan.com\/\"},{\"@type\":\"ListItem\",\"position\":2,\"name\":\"Pol\u00edtica de privacidad Curriculums\"}]},{\"@type\":\"WebSite\",\"@id\":\"https:\/\/guedan.com\/#website\",\"url\":\"https:\/\/guedan.com\/\",\"name\":\"Guedan Servicios Deportivos\",\"description\":\"TU SOLUCI\u00d3N A LA GESTI\u00d3N DEPORTIVA\",\"publisher\":{\"@id\":\"https:\/\/guedan.com\/#organization\"},\"potentialAction\":[{\"@type\":\"SearchAction\",\"target\":{\"@type\":\"EntryPoint\",\"urlTemplate\":\"https:\/\/guedan.com\/?s={search_term_string}\"},\"query-input\":{\"@type\":\"PropertyValueSpecification\",\"valueRequired\":true,\"valueName\":\"search_term_string\"}}],\"inLanguage\":\"eu\"},{\"@type\":\"Organization\",\"@id\":\"https:\/\/guedan.com\/#organization\",\"name\":\"Guedan\",\"url\":\"https:\/\/guedan.com\/\",\"logo\":{\"@type\":\"ImageObject\",\"inLanguage\":\"eu\",\"@id\":\"https:\/\/guedan.com\/#\/schema\/logo\/image\/\",\"url\":\"https:\/\/guedan.com\/wp-content\/uploads\/2021\/03\/guedan-iconito.png\",\"contentUrl\":\"https:\/\/guedan.com\/wp-content\/uploads\/2021\/03\/guedan-iconito.png\",\"width\":133,\"height\":133,\"caption\":\"Guedan\"},\"image\":{\"@id\":\"https:\/\/guedan.com\/#\/schema\/logo\/image\/\"},\"sameAs\":[\"https:\/\/www.facebook.com\/Guedan-Servicios-Deportivos-290820057632014\"]}]}<\/script>\n<!-- \/ Yoast SEO plugin. -->","yoast_head_json":{"title":"Pol\u00edtica de privacidad Curriculums | Guedan Servicios Deportivos","robots":{"index":"index","follow":"follow","max-snippet":"max-snippet:-1","max-image-preview":"max-image-preview:large","max-video-preview":"max-video-preview:-1"},"canonical":"https:\/\/guedan.com\/eu\/politica-de-privacidad-curriculums\/","og_locale":"en_US","og_type":"article","og_title":"Pol\u00edtica de privacidad Curriculums | Guedan Servicios Deportivos","og_description":"POL\u00cdTICA DE PRIVACIDAD CONSENTIMIENTO EXPRESO AL TRATAMIENTO DE DATOS Usted MANIFIESTA: Que est\u00e1 debidamente informado de que puede retirar su consentimiento en cualquier momento y sin formalidades. Tambi\u00e9n queda informado de que el responsable de los tratamientos realizados es GUEDAN, SERVICIOS DEPORTIVOS, S.A., CIF: A48224224, Direcci\u00f3n postal: Calle Andr\u00e9s Isasi N\u00ba11 Bajo Dcha Bilbao (Vizcaya), [&hellip;]","og_url":"https:\/\/guedan.com\/eu\/politica-de-privacidad-curriculums\/","og_site_name":"Guedan Servicios Deportivos","article_publisher":"https:\/\/www.facebook.com\/Guedan-Servicios-Deportivos-290820057632014","article_modified_time":"2021-04-20T14:44:46+00:00","twitter_card":"summary_large_image","twitter_misc":{"Est. reading time":"5 minutua"},"schema":{"@context":"https:\/\/schema.org","@graph":[{"@type":"WebPage","@id":"https:\/\/guedan.com\/politica-de-privacidad-curriculums\/","url":"https:\/\/guedan.com\/politica-de-privacidad-curriculums\/","name":"Pol\u00edtica de privacidad Curriculums | Guedan Servicios Deportivos","isPartOf":{"@id":"https:\/\/guedan.com\/#website"},"datePublished":"2021-04-20T14:42:43+00:00","dateModified":"2021-04-20T14:44:46+00:00","breadcrumb":{"@id":"https:\/\/guedan.com\/politica-de-privacidad-curriculums\/#breadcrumb"},"inLanguage":"eu","potentialAction":[{"@type":"ReadAction","target":["https:\/\/guedan.com\/politica-de-privacidad-curriculums\/"]}]},{"@type":"BreadcrumbList","@id":"https:\/\/guedan.com\/politica-de-privacidad-curriculums\/#breadcrumb","itemListElement":[{"@type":"ListItem","position":1,"name":"Portada","item":"https:\/\/guedan.com\/"},{"@type":"ListItem","position":2,"name":"Pol\u00edtica de privacidad Curriculums"}]},{"@type":"WebSite","@id":"https:\/\/guedan.com\/#website","url":"https:\/\/guedan.com\/","name":"Guedan Servicios Deportivos","description":"TU SOLUCI\u00d3N A LA GESTI\u00d3N DEPORTIVA","publisher":{"@id":"https:\/\/guedan.com\/#organization"},"potentialAction":[{"@type":"SearchAction","target":{"@type":"EntryPoint","urlTemplate":"https:\/\/guedan.com\/?s={search_term_string}"},"query-input":{"@type":"PropertyValueSpecification","valueRequired":true,"valueName":"search_term_string"}}],"inLanguage":"eu"},{"@type":"Organization","@id":"https:\/\/guedan.com\/#organization","name":"Guedan","url":"https:\/\/guedan.com\/","logo":{"@type":"ImageObject","inLanguage":"eu","@id":"https:\/\/guedan.com\/#\/schema\/logo\/image\/","url":"https:\/\/guedan.com\/wp-content\/uploads\/2021\/03\/guedan-iconito.png","contentUrl":"https:\/\/guedan.com\/wp-content\/uploads\/2021\/03\/guedan-iconito.png","width":133,"height":133,"caption":"Guedan"},"image":{"@id":"https:\/\/guedan.com\/#\/schema\/logo\/image\/"},"sameAs":["https:\/\/www.facebook.com\/Guedan-Servicios-Deportivos-290820057632014"]}]}},"_links":{"self":[{"href":"https:\/\/guedan.com\/eu\/wp-json\/wp\/v2\/pages\/268440","targetHints":{"allow":["GET"]}}],"collection":[{"href":"https:\/\/guedan.com\/eu\/wp-json\/wp\/v2\/pages"}],"about":[{"href":"https:\/\/guedan.com\/eu\/wp-json\/wp\/v2\/types\/page"}],"author":[{"embeddable":true,"href":"https:\/\/guedan.com\/eu\/wp-json\/wp\/v2\/users\/2"}],"replies":[{"embeddable":true,"href":"https:\/\/guedan.com\/eu\/wp-json\/wp\/v2\/comments?post=268440"}],"version-history":[{"count":3,"href":"https:\/\/guedan.com\/eu\/wp-json\/wp\/v2\/pages\/268440\/revisions"}],"predecessor-version":[{"id":268443,"href":"https:\/\/guedan.com\/eu\/wp-json\/wp\/v2\/pages\/268440\/revisions\/268443"}],"wp:attachment":[{"href":"https:\/\/guedan.com\/eu\/wp-json\/wp\/v2\/media?parent=268440"}],"curies":[{"name":"wp","href":"https:\/\/api.w.org\/{rel}","templated":true}]}}